{"id":3,"date":"2020-01-03T12:10:19","date_gmt":"2020-01-03T12:10:19","guid":{"rendered":"http:\/\/d-rjewellery.com\/?page_id=3"},"modified":"2020-01-03T12:56:27","modified_gmt":"2020-01-03T12:56:27","slug":"polityka-prywatnosci","status":"publish","type":"page","link":"https:\/\/d-rjewellery.com\/index.php\/polityka-prywatnosci\/","title":{"rendered":"Polityka Prywatno\u015bci"},"content":{"rendered":"\n<h1>POLITYKA PRYWATNO\u015aCI<\/h1>\n\n\n\n<p>POLITYKA PRYWATNO\u015aCI<\/p>\n\n\n\n<p><strong>Artyku\u0142 1. Zasada ochrony prywatno\u015bci<\/strong><\/p>\n\n\n\n<ol><li>Celem niniejszej Polityki Prywatno\u015bci na stronie www.d-rjewellery.com jest kompleksowe okre\u015blenie dzia\u0142a\u0144 w zakresie przetwarzania i ochrony danych osobowych, gromadzonych w zwi\u0105zku ze \u015bwiadczeniem us\u0142ug b\u0105d\u017a sprzeda\u017c\u0105 produkt\u00f3w, podejmowanych przez:\u00a0                                    <strong>d-rjewellery.com<\/strong>\u00a0Danuta Sok, ul. Lortza 76, 41-940 Piekary \u015al\u0105skie, NIP: 6451499370 e-mail: info.soqqujewellery@gmail.com, tel.+48 509 426 182<\/li><li>Administratorem danych osobowych, kt\u00f3ry decyduje o tym jak b\u0119d\u0105 wykorzystywane dane osobowe jest ka\u017cdorazowo podmiot \u015bwiadcz\u0105cy dan\u0105 us\u0142ug\u0119 (b\u0105d\u017a sprzeda\u017c). W razie w\u0105tpliwo\u015bci, co do identyfikacji tego podmiotu, konkretne wskazanie administratora danych osobowych znajduj\u0105 si\u0119 w regulaminie okre\u015blaj\u0105cym zasady \u015bwiadczenia tej us\u0142ugi (b\u0105d\u017a sprzeda\u017cy).<\/li><li>Administrator z nale\u017cyt\u0105 staranno\u015bci\u0105 dobiera i stosuje odpowiednie \u015brodki techniczne i organizacyjne zapewniaj\u0105ce ochron\u0119 przetwarzanych danych osobowych. Dane osobowe dotycz\u0105ce Klient\u00f3w oraz innych os\u00f3b, kt\u00f3rych dane zg\u0142osi\u0142 Klient, s\u0105 chronione przez administratora przed ich udost\u0119pnieniem osobom nieupowa\u017cnionym, a tak\u017ce innymi przypadkami ich ujawnienia albo utraty lub nieuprawnion\u0105 modyfikacj\u0105 wskazanych danych oraz informacji.<\/li><li>Odbiorcami danych osobowych s\u0105 osoby dzia\u0142aj\u0105ce na rzecz firmy d-rjewellery, odpowiedzialne za obs\u0142ug\u0119 serwisu internetowego www.d-rjewellery.com oraz podmioty \u015bwiadcz\u0105ce w tym zakresie us\u0142ugi na rzecz firmy d-rjewellery.com (np. firmy \u015bwiadcz\u0105ce us\u0142ugi dostawy Internetu, podmioty udost\u0119pniaj\u0105ce serwer). Odbiorcami mog\u0105 by\u0107 tak\u017ce podmioty uprawnione do otrzymania danych na mocy obowi\u0105zuj\u0105cych przepis\u00f3w prawa, w tym w\u0142a\u015bciwe organy wymiaru sprawiedliwo\u015bci.<\/li><\/ol>\n\n\n\n<p><strong>Artyku\u0142 2.&nbsp; Podstawa przetwarzania danych osobowych<\/strong><\/p>\n\n\n\n<ol><li>Podanie danych osobowych jest dobrowolne, przy czym brak podania danych mo\u017ce utrudnia\u0107 b\u0105d\u017a uniemo\u017cliwia\u0107 prawid\u0142owe wykonanie us\u0142ugi b\u0105d\u017a zrealizowanie sprzeda\u017cy b\u0105d\u017a udzielenie obs\u0142ugi posprzeda\u017cowej.<\/li><li>Dane osobowe s\u0105 przetwarzane na podstawie: a) zaakceptowania przez Klienta regulaminu danej us\u0142ugi b\u0105d\u017a prowadzonej sprzeda\u017cy, b) konieczno\u015b\u0107 wykonania umowy na rzecz Klienta, lub c) uzasadnionego interesu administratora (np. obrona przed roszczeniami czy w przypadku danych os\u00f3b trzecich podawanych przez Klient\u00f3w \u2013 wskazanie adresu do dor\u0119cze\u0144 innej osoby).<\/li><li>Administrator mo\u017ce przetwarza\u0107 dane os\u00f3b trzecich udost\u0119pnione przez Klient\u00f3w do cel\u00f3w realizowania komunikacji, rekomendacyjnych, korzystania z us\u0142ug administratora, w tym w szczeg\u00f3lno\u015bci zawarcia lub wykonania umowy, zawartej poprzez udost\u0119pnione narz\u0119dzia w ramach strony internetowej d-rjewellery.com. Klient wprowadzaj\u0105c takie dane o\u015bwiadcza, \u017ce uzyska\u0142 od osoby, kt\u00f3rej dane wprowadza, niezb\u0119dn\u0105 zgod\u0119 na udost\u0119pnienie jej danych administratorowi.<\/li><li>Dane Klient\u00f3w mog\u0105 by\u0107 udost\u0119pniane innym Klientom, w przypadku gdy jest to niezb\u0119dne do wykonania umowy.<\/li><\/ol>\n\n\n\n<p><strong>Artyku\u0142 3.&nbsp; Zakres przetwarzania danych osobowych<\/strong><\/p>\n\n\n\n<ol><li>Dane osobowe s\u0105 przetwarzane przez administratora zgodnie z przepisami prawa oraz wy\u0142\u0105cznie w celach zwi\u0105zanych z jego dzia\u0142alno\u015bci\u0105, w tym w celu zawierania i realizacji um\u00f3w sprzeda\u017cy (obs\u0142ugi transakcji sprzeda\u017cy Produkt\u00f3w, komunikacji z Klientami i rozpatrywania reklamacji), prowadzenia programu lojalno\u015bciowego, a tak\u017ce archiwizacji wykonanych us\u0142ug b\u0105d\u017a transakcji.<\/li><li>Dane podawane przez Klienta wykorzystywane s\u0105 do przesy\u0142ania Klientom informacji, o administratorze i jego us\u0142ugach, realizacji us\u0142ug \u015bwiadczonych przez administratora, a tak\u017ce w celach statystycznych.<\/li><li>Administrator mo\u017ce wykorzystywa\u0107 adresy IP zbierane w trakcie po\u0142\u0105cze\u0144 internetowych w celach ochrony interes\u00f3w Klient\u00f3w b\u0105d\u017a wyja\u015bnienia stanu faktycznego przy rozpatrywaniu spor\u00f3w, nieprawid\u0142owo\u015bci b\u0105d\u017a nadu\u017cy\u0107 oraz technicznych, zwi\u0105zanych z administracj\u0105 serwerami. Ponadto adresy IP s\u0142u\u017c\u0105 do zbierania og\u00f3lnych, statystycznych informacji demograficznych (np. o regionie, z kt\u00f3rego nast\u0119puje po\u0142\u0105czenie w celu ustalenia domy\u015blnego j\u0119zyku interfejsu u\u017cytkownika dla danego regionu).<\/li><li>Dane osobowe s\u0105 przechowywane przez okres niezb\u0119dny dla realizacji zam\u00f3wie\u0144 lub prowadzenia konta Klienta w d-rjewellery.com Po tym okresie, dane mog\u0105 by\u0107 przetwarzane w oparciu o: obowi\u0105zki prawne administratora (np. w zakresie przechowywania dokument\u00f3w ksi\u0119gowych), czy prawnie uzasadniony interes (obrona przed roszczeniami, jakie mog\u0105 przys\u0142ugiwa\u0107 wobec administratora).<\/li><li>Podczas korzystania przez Klienta ze stron internetowych w domenie d-rjewellery.com, zapisywane s\u0105 na urz\u0105dzeniu ko\u0144cowym u\u017cytkownika (np. komputerze, laptopie, smartfonie, tablecie) dane informatyczne (pliki cookies), u\u017cywane do przechowywania w nich informacji dla potrzeb funkcjonalno\u015bci \u2013 np. zapami\u0119tywania danych i zapisywania preferencji przegl\u0105dania. Celem cookies jest u\u0142atwienie przegl\u0105dania zasob\u00f3w strony internetowej przy kolejnych wizytach. U\u017cytkownik sam decyduje o tym, kt\u00f3re pliki cookies i w jaki spos\u00f3b s\u0105 zapisywane, poprzez ustawienia przegl\u0105darki internetowej (powszechnie u\u017cywane: Mozilla Firefox, Internet Explorer, Google Chrome, Opera, Safari). Domy\u015blne ustawienia przegl\u0105darek pozwalaj\u0105 na przechowywanie plik\u00f3w cookies.<\/li><\/ol>\n\n\n\n<p><strong>Artyku\u0142 5.&nbsp; Kontrola przetwarzania danych osobowych<\/strong><\/p>\n\n\n\n<ol><li>Administrator zapewnia osobom, kt\u00f3rych dane osobowe przetwarza, realizacj\u0119 uprawnie\u0144 wynikaj\u0105cych z przepis\u00f3w prawa, w tym prawa dost\u0119pu do tre\u015bci w\u0142asnych danych osobowych, ich sprostowania, zmiany, usuni\u0119cia lub przenoszenia, a ponadto prawo do \u017c\u0105dania ograniczenia przetwarzania danych osobowych oraz do wniesienia sprzeciwu wobec takiego przetwarzania na zasadach okre\u015blonych w\u0142a\u015bciwymi przepisami.<\/li><li>W przypadku dobrowolnego udzielania zgody na przetwarzanie danych ka\u017cda osoba, kt\u00f3rej dane s\u0105 przetwarzane ma prawo do cofni\u0119cia zgodny na przetwarzanie dane.<\/li><li>Ka\u017cdej osobie, kt\u00f3rej dane s\u0105 przetwarzane przys\u0142uguje prawo do wniesienia skargi do Prezesa Urz\u0119du Ochrony Danych Osobowych.<\/li><\/ol>\n\n\n\n<p><strong>Artyku\u0142 6.&nbsp; Przekazywanie i udost\u0119pnianie danych osobowych<\/strong><\/p>\n\n\n\n<ol><li>Dane Klient\u00f3w mog\u0105 by\u0107 udost\u0119pniane podmiotom uprawnionym do ich otrzymania na mocy obowi\u0105zuj\u0105cych przepis\u00f3w prawa, w tym w\u0142a\u015bciwym organom wymiaru sprawiedliwo\u015bci.<\/li><li>Dane osobowe mog\u0105 by\u0107 przekazywane Dostawcom Us\u0142ug, kt\u00f3rzy realizuj\u0105 okre\u015blone zadania w imieniu d-rjewellery. S\u0105 to m.in. firmy, kt\u00f3re dostarczaj\u0105 d-rjewellery:<ol><li>us\u0142ugi zwi\u0105zane z technologi\u0105 (na przyk\u0142ad wsparcie Strony Internetowej d-rjewellery, Aplikacji Mobilnych),<\/li><li>przetwarzanie p\u0142atno\u015bci w sklepie internetowym,<\/li><li>us\u0142ugi kurierskie.<\/li><\/ol><\/li><li>Dane osobowe Klient\u00f3w mog\u0105 by\u0107 przekazywane podmiotom trzecim \u2013 w przypadkach nie wskazanych przez administratora b\u0105d\u017a przepisy prawa \u2013 tylko za zgod\u0105 osoby, kt\u00f3rej dane dotycz\u0105.<\/li><li>Dane osobowe mog\u0105 by\u0107 przekazywane do pa\u0144stw trzecich (poza pa\u0144stwa nale\u017c\u0105ce do Unii Europejskiej) z zwi\u0105zku ze zlecan\u0105 przez Klient\u00f3w dostaw\u0105 Produkt\u00f3w.<\/li><\/ol>\n","protected":false},"excerpt":{"rendered":"<p>POLITYKA PRYWATNO\u015aCI POLITYKA PRYWATNO\u015aCI Artyku\u0142 1. Zasada ochrony prywatno\u015bci Celem niniejszej Polityki Prywatno\u015bci na stronie www.d-rjewellery.com jest kompleksowe okre\u015blenie dzia\u0142a\u0144 w zakresie przetwarzania i ochrony danych osobowych, gromadzonych w zwi\u0105zku ze \u015bwiadczeniem us\u0142ug b\u0105d\u017a sprzeda\u017c\u0105 produkt\u00f3w, podejmowanych przez:\u00a0 d-rjewellery.com\u00a0Danuta Sok, ul. Lortza 76, 41-940 Piekary \u015al\u0105skie, NIP: 6451499370 e-mail: info.soqqujewellery@gmail.com, tel.+48 509 426 182 Administratorem [&hellip;]<\/p>\n","protected":false},"author":1,"featured_media":0,"parent":0,"menu_order":0,"comment_status":"closed","ping_status":"open","template":"","meta":{"spay_email":""},"yoast_head":"<!-- This site is optimized with the Yoast SEO plugin v18.4.1 - https:\/\/yoast.com\/wordpress\/plugins\/seo\/ -->\n<title>Polityka Prywatno\u015bci - d-rjewellery<\/title>\n<meta name=\"robots\" content=\"index, follow, max-snippet:-1, max-image-preview:large, max-video-preview:-1\" \/>\n<link rel=\"canonical\" href=\"https:\/\/d-rjewellery.com\/index.php\/polityka-prywatnosci\/\" \/>\n<meta property=\"og:locale\" content=\"pl_PL\" \/>\n<meta property=\"og:type\" content=\"article\" \/>\n<meta property=\"og:title\" content=\"Polityka Prywatno\u015bci - d-rjewellery\" \/>\n<meta property=\"og:description\" content=\"POLITYKA PRYWATNO\u015aCI POLITYKA PRYWATNO\u015aCI Artyku\u0142 1. Zasada ochrony prywatno\u015bci Celem niniejszej Polityki Prywatno\u015bci na stronie www.d-rjewellery.com jest kompleksowe okre\u015blenie dzia\u0142a\u0144 w zakresie przetwarzania i ochrony danych osobowych, gromadzonych w zwi\u0105zku ze \u015bwiadczeniem us\u0142ug b\u0105d\u017a sprzeda\u017c\u0105 produkt\u00f3w, podejmowanych przez:\u00a0 d-rjewellery.com\u00a0Danuta Sok, ul. Lortza 76, 41-940 Piekary \u015al\u0105skie, NIP: 6451499370 e-mail: info.soqqujewellery@gmail.com, tel.+48 509 426 182 Administratorem [&hellip;]\" \/>\n<meta property=\"og:url\" content=\"https:\/\/d-rjewellery.com\/index.php\/polityka-prywatnosci\/\" \/>\n<meta property=\"og:site_name\" content=\"d-rjewellery\" \/>\n<meta property=\"article:modified_time\" content=\"2020-01-03T12:56:27+00:00\" \/>\n<meta name=\"twitter:card\" content=\"summary_large_image\" \/>\n<meta name=\"twitter:label1\" content=\"Szacowany czas czytania\" \/>\n\t<meta name=\"twitter:data1\" content=\"5 minut\" \/>\n<script type=\"application\/ld+json\" class=\"yoast-schema-graph\">{\"@context\":\"https:\/\/schema.org\",\"@graph\":[{\"@type\":\"WebSite\",\"@id\":\"https:\/\/d-rjewellery.com\/#website\",\"url\":\"https:\/\/d-rjewellery.com\/\",\"name\":\"d-rjewellery\",\"description\":\"\",\"potentialAction\":[{\"@type\":\"SearchAction\",\"target\":{\"@type\":\"EntryPoint\",\"urlTemplate\":\"https:\/\/d-rjewellery.com\/?s={search_term_string}\"},\"query-input\":\"required name=search_term_string\"}],\"inLanguage\":\"pl-PL\"},{\"@type\":\"WebPage\",\"@id\":\"https:\/\/d-rjewellery.com\/index.php\/polityka-prywatnosci\/#webpage\",\"url\":\"https:\/\/d-rjewellery.com\/index.php\/polityka-prywatnosci\/\",\"name\":\"Polityka Prywatno\u015bci - d-rjewellery\",\"isPartOf\":{\"@id\":\"https:\/\/d-rjewellery.com\/#website\"},\"datePublished\":\"2020-01-03T12:10:19+00:00\",\"dateModified\":\"2020-01-03T12:56:27+00:00\",\"breadcrumb\":{\"@id\":\"https:\/\/d-rjewellery.com\/index.php\/polityka-prywatnosci\/#breadcrumb\"},\"inLanguage\":\"pl-PL\",\"potentialAction\":[{\"@type\":\"ReadAction\",\"target\":[\"https:\/\/d-rjewellery.com\/index.php\/polityka-prywatnosci\/\"]}]},{\"@type\":\"BreadcrumbList\",\"@id\":\"https:\/\/d-rjewellery.com\/index.php\/polityka-prywatnosci\/#breadcrumb\",\"itemListElement\":[{\"@type\":\"ListItem\",\"position\":1,\"name\":\"Strona g\u0142\u00f3wna\",\"item\":\"https:\/\/d-rjewellery.com\/\"},{\"@type\":\"ListItem\",\"position\":2,\"name\":\"Polityka Prywatno\u015bci\"}]}]}<\/script>\n<!-- \/ Yoast SEO plugin. -->","yoast_head_json":{"title":"Polityka Prywatno\u015bci - d-rjewellery","robots":{"index":"index","follow":"follow","max-snippet":"max-snippet:-1","max-image-preview":"max-image-preview:large","max-video-preview":"max-video-preview:-1"},"canonical":"https:\/\/d-rjewellery.com\/index.php\/polityka-prywatnosci\/","og_locale":"pl_PL","og_type":"article","og_title":"Polityka Prywatno\u015bci - d-rjewellery","og_description":"POLITYKA PRYWATNO\u015aCI POLITYKA PRYWATNO\u015aCI Artyku\u0142 1. Zasada ochrony prywatno\u015bci Celem niniejszej Polityki Prywatno\u015bci na stronie www.d-rjewellery.com jest kompleksowe okre\u015blenie dzia\u0142a\u0144 w zakresie przetwarzania i ochrony danych osobowych, gromadzonych w zwi\u0105zku ze \u015bwiadczeniem us\u0142ug b\u0105d\u017a sprzeda\u017c\u0105 produkt\u00f3w, podejmowanych przez:\u00a0 d-rjewellery.com\u00a0Danuta Sok, ul. Lortza 76, 41-940 Piekary \u015al\u0105skie, NIP: 6451499370 e-mail: info.soqqujewellery@gmail.com, tel.+48 509 426 182 Administratorem [&hellip;]","og_url":"https:\/\/d-rjewellery.com\/index.php\/polityka-prywatnosci\/","og_site_name":"d-rjewellery","article_modified_time":"2020-01-03T12:56:27+00:00","twitter_card":"summary_large_image","twitter_misc":{"Szacowany czas czytania":"5 minut"},"schema":{"@context":"https:\/\/schema.org","@graph":[{"@type":"WebSite","@id":"https:\/\/d-rjewellery.com\/#website","url":"https:\/\/d-rjewellery.com\/","name":"d-rjewellery","description":"","potentialAction":[{"@type":"SearchAction","target":{"@type":"EntryPoint","urlTemplate":"https:\/\/d-rjewellery.com\/?s={search_term_string}"},"query-input":"required name=search_term_string"}],"inLanguage":"pl-PL"},{"@type":"WebPage","@id":"https:\/\/d-rjewellery.com\/index.php\/polityka-prywatnosci\/#webpage","url":"https:\/\/d-rjewellery.com\/index.php\/polityka-prywatnosci\/","name":"Polityka Prywatno\u015bci - d-rjewellery","isPartOf":{"@id":"https:\/\/d-rjewellery.com\/#website"},"datePublished":"2020-01-03T12:10:19+00:00","dateModified":"2020-01-03T12:56:27+00:00","breadcrumb":{"@id":"https:\/\/d-rjewellery.com\/index.php\/polityka-prywatnosci\/#breadcrumb"},"inLanguage":"pl-PL","potentialAction":[{"@type":"ReadAction","target":["https:\/\/d-rjewellery.com\/index.php\/polityka-prywatnosci\/"]}]},{"@type":"BreadcrumbList","@id":"https:\/\/d-rjewellery.com\/index.php\/polityka-prywatnosci\/#breadcrumb","itemListElement":[{"@type":"ListItem","position":1,"name":"Strona g\u0142\u00f3wna","item":"https:\/\/d-rjewellery.com\/"},{"@type":"ListItem","position":2,"name":"Polityka Prywatno\u015bci"}]}]}},"_links":{"self":[{"href":"https:\/\/d-rjewellery.com\/index.php\/wp-json\/wp\/v2\/pages\/3"}],"collection":[{"href":"https:\/\/d-rjewellery.com\/index.php\/wp-json\/wp\/v2\/pages"}],"about":[{"href":"https:\/\/d-rjewellery.com\/index.php\/wp-json\/wp\/v2\/types\/page"}],"author":[{"embeddable":true,"href":"https:\/\/d-rjewellery.com\/index.php\/wp-json\/wp\/v2\/users\/1"}],"replies":[{"embeddable":true,"href":"https:\/\/d-rjewellery.com\/index.php\/wp-json\/wp\/v2\/comments?post=3"}],"version-history":[{"count":1,"href":"https:\/\/d-rjewellery.com\/index.php\/wp-json\/wp\/v2\/pages\/3\/revisions"}],"predecessor-version":[{"id":10,"href":"https:\/\/d-rjewellery.com\/index.php\/wp-json\/wp\/v2\/pages\/3\/revisions\/10"}],"wp:attachment":[{"href":"https:\/\/d-rjewellery.com\/index.php\/wp-json\/wp\/v2\/media?parent=3"}],"curies":[{"name":"wp","href":"https:\/\/api.w.org\/{rel}","templated":true}]}}