{"id":62,"date":"2020-02-19T16:42:50","date_gmt":"2020-02-19T16:42:50","guid":{"rendered":"https:\/\/d-rjewellery.com\/?page_id=62"},"modified":"2020-02-19T16:42:50","modified_gmt":"2020-02-19T16:42:50","slug":"o-nas","status":"publish","type":"page","link":"https:\/\/d-rjewellery.com\/index.php\/o-nas\/","title":{"rendered":"O nas"},"content":{"rendered":"\n<h1 class=\"has-text-align-center\">O NAS<\/h1>\n\n\n\n<h1>D &amp;R stworzone z mi\u0142o\u015bci do szczeg\u00f3\u0142u, pi\u0119kna i podr\u00f3\u017cy.<br>Jeste\u015bmy importerem i hurtownikiem bi\u017cuterii srebrnej. Na rynku dzia\u0142amy od 2012 roku. <\/h1>\n\n\n\n<h1>Dbamy aby nasz asortyment by\u0142 szeroki. Zapewniamy naszym kontrahentom stale nowe wzory oraz uzupe\u0142niamy sta\u0142y asortyment. Dbamy r\u00f3wnie\u017c o to, aby nasze wyroby by\u0142y produkowane z nale\u017cyt\u0105 staranno\u015bci\u0105 co wp\u0142ywa na jako\u015b\u0107 gotowych wyrob\u00f3w. W naszej ofercie znajduj\u0105 si\u0119 wzory oryginalne, nowoczesne oraz ponadczasowe. <\/h1>\n\n\n\n<h1>Wsp\u00f3\u0142pracujemy z hurtowniami oraz ze sklepami detalicznymi w ca\u0142ym kraju oraz za granic\u0105.<\/h1>\n\n\n\n<p><\/p>\n\n\n\n<p><\/p>\n","protected":false},"excerpt":{"rendered":"<p>O NAS D &amp;R stworzone z mi\u0142o\u015bci do szczeg\u00f3\u0142u, pi\u0119kna i podr\u00f3\u017cy.Jeste\u015bmy importerem i hurtownikiem bi\u017cuterii srebrnej. Na rynku dzia\u0142amy od 2012 roku. Dbamy aby nasz asortyment by\u0142 szeroki. Zapewniamy naszym kontrahentom stale nowe wzory oraz uzupe\u0142niamy sta\u0142y asortyment. Dbamy r\u00f3wnie\u017c o to, aby nasze wyroby by\u0142y produkowane z nale\u017cyt\u0105 staranno\u015bci\u0105 co wp\u0142ywa na jako\u015b\u0107 [&hellip;]<\/p>\n","protected":false},"author":1,"featured_media":60,"parent":0,"menu_order":0,"comment_status":"closed","ping_status":"closed","template":"","meta":{"spay_email":""},"yoast_head":"<!-- This site is optimized with the Yoast SEO plugin v18.4.1 - https:\/\/yoast.com\/wordpress\/plugins\/seo\/ -->\n<title>O nas - d-rjewellery<\/title>\n<meta name=\"robots\" content=\"index, follow, max-snippet:-1, max-image-preview:large, max-video-preview:-1\" \/>\n<link rel=\"canonical\" href=\"https:\/\/d-rjewellery.com\/index.php\/o-nas\/\" \/>\n<meta property=\"og:locale\" content=\"pl_PL\" \/>\n<meta property=\"og:type\" content=\"article\" \/>\n<meta property=\"og:title\" content=\"O nas - d-rjewellery\" \/>\n<meta property=\"og:description\" content=\"O NAS D &amp;R stworzone z mi\u0142o\u015bci do szczeg\u00f3\u0142u, pi\u0119kna i podr\u00f3\u017cy.Jeste\u015bmy importerem i hurtownikiem bi\u017cuterii srebrnej. Na rynku dzia\u0142amy od 2012 roku. Dbamy aby nasz asortyment by\u0142 szeroki. Zapewniamy naszym kontrahentom stale nowe wzory oraz uzupe\u0142niamy sta\u0142y asortyment. Dbamy r\u00f3wnie\u017c o to, aby nasze wyroby by\u0142y produkowane z nale\u017cyt\u0105 staranno\u015bci\u0105 co wp\u0142ywa na jako\u015b\u0107 [&hellip;]\" \/>\n<meta property=\"og:url\" content=\"https:\/\/d-rjewellery.com\/index.php\/o-nas\/\" \/>\n<meta property=\"og:site_name\" content=\"d-rjewellery\" \/>\n<meta property=\"og:image\" content=\"https:\/\/d-rjewellery.com\/wp-content\/uploads\/2020\/02\/Bi\u017cuteria-z-dusz\u0105-4-1024x581.png\" \/>\n\t<meta property=\"og:image:width\" content=\"1024\" \/>\n\t<meta property=\"og:image:height\" content=\"581\" \/>\n\t<meta property=\"og:image:type\" content=\"image\/png\" \/>\n<meta name=\"twitter:card\" content=\"summary_large_image\" \/>\n<script type=\"application\/ld+json\" class=\"yoast-schema-graph\">{\"@context\":\"https:\/\/schema.org\",\"@graph\":[{\"@type\":\"WebSite\",\"@id\":\"https:\/\/d-rjewellery.com\/#website\",\"url\":\"https:\/\/d-rjewellery.com\/\",\"name\":\"d-rjewellery\",\"description\":\"\",\"potentialAction\":[{\"@type\":\"SearchAction\",\"target\":{\"@type\":\"EntryPoint\",\"urlTemplate\":\"https:\/\/d-rjewellery.com\/?s={search_term_string}\"},\"query-input\":\"required name=search_term_string\"}],\"inLanguage\":\"pl-PL\"},{\"@type\":\"ImageObject\",\"@id\":\"https:\/\/d-rjewellery.com\/index.php\/o-nas\/#primaryimage\",\"inLanguage\":\"pl-PL\",\"url\":\"https:\/\/d-rjewellery.com\/wp-content\/uploads\/2020\/02\/Bi\u017cuteria-z-dusz\u0105-4.png\",\"contentUrl\":\"https:\/\/d-rjewellery.com\/wp-content\/uploads\/2020\/02\/Bi\u017cuteria-z-dusz\u0105-4.png\",\"width\":1982,\"height\":1125},{\"@type\":\"WebPage\",\"@id\":\"https:\/\/d-rjewellery.com\/index.php\/o-nas\/#webpage\",\"url\":\"https:\/\/d-rjewellery.com\/index.php\/o-nas\/\",\"name\":\"O nas - d-rjewellery\",\"isPartOf\":{\"@id\":\"https:\/\/d-rjewellery.com\/#website\"},\"primaryImageOfPage\":{\"@id\":\"https:\/\/d-rjewellery.com\/index.php\/o-nas\/#primaryimage\"},\"datePublished\":\"2020-02-19T16:42:50+00:00\",\"dateModified\":\"2020-02-19T16:42:50+00:00\",\"breadcrumb\":{\"@id\":\"https:\/\/d-rjewellery.com\/index.php\/o-nas\/#breadcrumb\"},\"inLanguage\":\"pl-PL\",\"potentialAction\":[{\"@type\":\"ReadAction\",\"target\":[\"https:\/\/d-rjewellery.com\/index.php\/o-nas\/\"]}]},{\"@type\":\"BreadcrumbList\",\"@id\":\"https:\/\/d-rjewellery.com\/index.php\/o-nas\/#breadcrumb\",\"itemListElement\":[{\"@type\":\"ListItem\",\"position\":1,\"name\":\"Strona g\u0142\u00f3wna\",\"item\":\"https:\/\/d-rjewellery.com\/\"},{\"@type\":\"ListItem\",\"position\":2,\"name\":\"O nas\"}]}]}<\/script>\n<!-- \/ Yoast SEO plugin. -->","yoast_head_json":{"title":"O nas - d-rjewellery","robots":{"index":"index","follow":"follow","max-snippet":"max-snippet:-1","max-image-preview":"max-image-preview:large","max-video-preview":"max-video-preview:-1"},"canonical":"https:\/\/d-rjewellery.com\/index.php\/o-nas\/","og_locale":"pl_PL","og_type":"article","og_title":"O nas - d-rjewellery","og_description":"O NAS D &amp;R stworzone z mi\u0142o\u015bci do szczeg\u00f3\u0142u, pi\u0119kna i podr\u00f3\u017cy.Jeste\u015bmy importerem i hurtownikiem bi\u017cuterii srebrnej. Na rynku dzia\u0142amy od 2012 roku. Dbamy aby nasz asortyment by\u0142 szeroki. Zapewniamy naszym kontrahentom stale nowe wzory oraz uzupe\u0142niamy sta\u0142y asortyment. Dbamy r\u00f3wnie\u017c o to, aby nasze wyroby by\u0142y produkowane z nale\u017cyt\u0105 staranno\u015bci\u0105 co wp\u0142ywa na jako\u015b\u0107 [&hellip;]","og_url":"https:\/\/d-rjewellery.com\/index.php\/o-nas\/","og_site_name":"d-rjewellery","og_image":[{"width":1024,"height":581,"url":"https:\/\/d-rjewellery.com\/wp-content\/uploads\/2020\/02\/Bi\u017cuteria-z-dusz\u0105-4-1024x581.png","type":"image\/png"}],"twitter_card":"summary_large_image","schema":{"@context":"https:\/\/schema.org","@graph":[{"@type":"WebSite","@id":"https:\/\/d-rjewellery.com\/#website","url":"https:\/\/d-rjewellery.com\/","name":"d-rjewellery","description":"","potentialAction":[{"@type":"SearchAction","target":{"@type":"EntryPoint","urlTemplate":"https:\/\/d-rjewellery.com\/?s={search_term_string}"},"query-input":"required name=search_term_string"}],"inLanguage":"pl-PL"},{"@type":"ImageObject","@id":"https:\/\/d-rjewellery.com\/index.php\/o-nas\/#primaryimage","inLanguage":"pl-PL","url":"https:\/\/d-rjewellery.com\/wp-content\/uploads\/2020\/02\/Bi\u017cuteria-z-dusz\u0105-4.png","contentUrl":"https:\/\/d-rjewellery.com\/wp-content\/uploads\/2020\/02\/Bi\u017cuteria-z-dusz\u0105-4.png","width":1982,"height":1125},{"@type":"WebPage","@id":"https:\/\/d-rjewellery.com\/index.php\/o-nas\/#webpage","url":"https:\/\/d-rjewellery.com\/index.php\/o-nas\/","name":"O nas - d-rjewellery","isPartOf":{"@id":"https:\/\/d-rjewellery.com\/#website"},"primaryImageOfPage":{"@id":"https:\/\/d-rjewellery.com\/index.php\/o-nas\/#primaryimage"},"datePublished":"2020-02-19T16:42:50+00:00","dateModified":"2020-02-19T16:42:50+00:00","breadcrumb":{"@id":"https:\/\/d-rjewellery.com\/index.php\/o-nas\/#breadcrumb"},"inLanguage":"pl-PL","potentialAction":[{"@type":"ReadAction","target":["https:\/\/d-rjewellery.com\/index.php\/o-nas\/"]}]},{"@type":"BreadcrumbList","@id":"https:\/\/d-rjewellery.com\/index.php\/o-nas\/#breadcrumb","itemListElement":[{"@type":"ListItem","position":1,"name":"Strona g\u0142\u00f3wna","item":"https:\/\/d-rjewellery.com\/"},{"@type":"ListItem","position":2,"name":"O nas"}]}]}},"_links":{"self":[{"href":"https:\/\/d-rjewellery.com\/index.php\/wp-json\/wp\/v2\/pages\/62"}],"collection":[{"href":"https:\/\/d-rjewellery.com\/index.php\/wp-json\/wp\/v2\/pages"}],"about":[{"href":"https:\/\/d-rjewellery.com\/index.php\/wp-json\/wp\/v2\/types\/page"}],"author":[{"embeddable":true,"href":"https:\/\/d-rjewellery.com\/index.php\/wp-json\/wp\/v2\/users\/1"}],"replies":[{"embeddable":true,"href":"https:\/\/d-rjewellery.com\/index.php\/wp-json\/wp\/v2\/comments?post=62"}],"version-history":[{"count":2,"href":"https:\/\/d-rjewellery.com\/index.php\/wp-json\/wp\/v2\/pages\/62\/revisions"}],"predecessor-version":[{"id":64,"href":"https:\/\/d-rjewellery.com\/index.php\/wp-json\/wp\/v2\/pages\/62\/revisions\/64"}],"wp:featuredmedia":[{"embeddable":true,"href":"https:\/\/d-rjewellery.com\/index.php\/wp-json\/wp\/v2\/media\/60"}],"wp:attachment":[{"href":"https:\/\/d-rjewellery.com\/index.php\/wp-json\/wp\/v2\/media?parent=62"}],"curies":[{"name":"wp","href":"https:\/\/api.w.org\/{rel}","templated":true}]}}